{"id":15,"date":"2025-04-29T20:31:47","date_gmt":"2025-04-29T20:31:47","guid":{"rendered":"https:\/\/darkturquoise-stork-436457.hostingersite.com\/nosotros\/"},"modified":"2025-09-26T13:56:10","modified_gmt":"2025-09-26T18:56:10","slug":"nosotros","status":"publish","type":"page","link":"https:\/\/www.agrotur.org.co\/es_CO\/nosotros\/","title":{"rendered":"Nosotros"},"content":{"rendered":"\n<div class=\"wp-block-media-text is-stacked-on-mobile\"><figure class=\"wp-block-media-text__media\"><img loading=\"lazy\" decoding=\"async\" width=\"2560\" height=\"1707\" src=\"https:\/\/www.agrotur.org.co\/wp-content\/uploads\/2025\/09\/E-IMG_8199-scaled.png\" alt=\"\" class=\"wp-image-162 size-full\" srcset=\"https:\/\/www.agrotur.org.co\/wp-content\/uploads\/2025\/09\/E-IMG_8199-scaled.png 2560w, https:\/\/www.agrotur.org.co\/wp-content\/uploads\/2025\/09\/E-IMG_8199-300x200.png 300w\" sizes=\"auto, (max-width: 2560px) 100vw, 2560px\" \/><\/figure><div class=\"wp-block-media-text__content\">\n<p class=\"has-x-large-font-size\">Qui\u00e9nes Somos<\/p>\n\n\n\n<p><strong>Asociaci\u00f3n Agrotur\u00edstica de Colombia<\/strong> es una organizaci\u00f3n comprometida con la promoci\u00f3n del turismo rural, la cultura campesina y la biodiversidad de nuestro pa\u00eds.<br>Reunimos a productores, artesanos, gu\u00edas locales y comunidades que trabajan de manera colaborativa para ofrecer experiencias aut\u00e9nticas que integran:<\/p>\n\n\n\n<ul class=\"wp-block-list\">\n<li><strong>Rutas ecol\u00f3gicas<\/strong> y caminatas interpretativas.<\/li>\n\n\n\n<li><strong>Sabores tradicionales<\/strong> de la gastronom\u00eda campesina.<\/li>\n\n\n\n<li><strong>Saberes ancestrales<\/strong> transmitidos de generaci\u00f3n en generaci\u00f3n.<\/li>\n\n\n\n<li><strong>Pr\u00e1cticas sostenibles<\/strong> que protegen el medio ambiente y fortalecen la econom\u00eda local.<\/li>\n<\/ul>\n\n\n\n<p>Nuestro prop\u00f3sito es que cada visitante viva la esencia del campo colombiano, descubriendo paisajes, historias y personas que inspiran un turismo responsable y transformador.<\/p>\n<\/div><\/div>\n\n\n\n<div class=\"wp-block-media-text has-media-on-the-right is-stacked-on-mobile\"><div class=\"wp-block-media-text__content\">\n<p class=\"has-x-large-font-size\">Misi\u00f3n<\/p>\n\n\n\n<p>Nuestra misi\u00f3n es <strong>preservar y promover la riqueza cultural y natural de Colombia<\/strong> a trav\u00e9s de experiencias tur\u00edsticas que:<\/p>\n\n\n\n<p>Inspiren a los visitantes a convertirse en embajadores de la sostenibilidad y la cultura campesina.<\/p>\n\n\n\n<p>Generen bienestar econ\u00f3mico y social en las comunidades rurales.<\/p>\n\n\n\n<p>Fomenten el respeto por la naturaleza y las tradiciones.<\/p>\n\n\n\n<p>Integren innovaci\u00f3n y tecnolog\u00eda para mejorar la promoci\u00f3n y gesti\u00f3n de los destinos.<\/p>\n<\/div><figure class=\"wp-block-media-text__media\"><img loading=\"lazy\" decoding=\"async\" width=\"1024\" height=\"683\" src=\"https:\/\/www.agrotur.org.co\/wp-content\/uploads\/2025\/09\/E-IMG_8142-1024x683.png\" alt=\"\" class=\"wp-image-159 size-full\" srcset=\"https:\/\/www.agrotur.org.co\/wp-content\/uploads\/2025\/09\/E-IMG_8142-1024x683.png 1024w, https:\/\/www.agrotur.org.co\/wp-content\/uploads\/2025\/09\/E-IMG_8142-300x200.png 300w, https:\/\/www.agrotur.org.co\/wp-content\/uploads\/2025\/09\/E-IMG_8142-768x512.png 768w, https:\/\/www.agrotur.org.co\/wp-content\/uploads\/2025\/09\/E-IMG_8142-1536x1024.png 1536w, https:\/\/www.agrotur.org.co\/wp-content\/uploads\/2025\/09\/E-IMG_8142-2048x1365.png 2048w\" sizes=\"auto, (max-width: 1024px) 100vw, 1024px\" \/><\/figure><\/div>\n\n\n\n<div class=\"wp-block-group alignwide hostinger-ai-our-location-2 hostinger-ai-fade-up\" style=\"padding-top:0;padding-bottom:0\"><div class=\"wp-block-group__inner-container is-layout-constrained wp-block-group-is-layout-constrained\">\n<div class=\"wp-block-group hostinger-ai-fade-up is-content-justification-left\"><div class=\"wp-block-group__inner-container is-layout-constrained wp-container-core-group-is-layout-8c890d92 wp-block-group-is-layout-constrained\">\n<div class=\"wp-block-columns alignwide is-layout-flex wp-container-core-columns-is-layout-9d6595d7 wp-block-columns-is-layout-flex\">\n<div class=\"wp-block-column our-location-column is-layout-flow wp-block-column-is-layout-flow\" style=\"flex-basis:33.33%\">\n<h2 class=\"wp-block-heading has-text-align-left hostinger-ai-title has-dark-color has-text-color has-link-color has-x-large-font-size wp-elements-c4f931eb9afbb0fa2014dc23fc771be7\" style=\"margin-top:0;margin-right:0;margin-bottom:var(--wp--preset--spacing--40);margin-left:0\">Ubicaci\u00f3n<\/h2>\n<\/div>\n<\/div>\n<\/div><\/div>\n\n\n\t\t<div\n            id=\"wpmapblock_640635c3\"\n            data-settings='{&quot;map_marker&quot;:[{&quot;id&quot;:&quot;1&quot;,&quot;lat&quot;:&quot;6.177653962406349&quot;,&quot;lng&quot;:&quot;-75.05358722152981&quot;,&quot;title&quot;:&quot;Finca&quot;,&quot;content&quot;:&quot;&quot;,&quot;iconType&quot;:&quot;default&quot;,&quot;customIconUrl&quot;:&quot;&quot;,&quot;customIconWidth&quot;:&quot;25&quot;,&quot;customIconHeight&quot;:&quot;40&quot;}],&quot;map_zoom&quot;:10,&quot;scroll_wheel_zoom&quot;:&quot;1&quot;,&quot;map_type&quot;:&quot;GM&quot;,&quot;center_index&quot;:0}'\n            class=\"wpmapblockrender\"\n            style=\"\n\t\t\twidth: 100%;\n\t\t\theight: 500px;\n\t\t\"\n            >\n        <\/div>\n        <\/div><\/div>\n","protected":false},"excerpt":{"rendered":"<p>Misi\u00f3n Nuestra misi\u00f3n es preservar y promover la riqueza cultural y natural de Colombia a trav\u00e9s de experiencias tur\u00edsticas que: Inspiren a los visitantes a convertirse en embajadores de la sostenibilidad y la cultura campesina. Generen bienestar econ\u00f3mico y social en las comunidades rurales. Fomenten el respeto por la naturaleza y las tradiciones. Integren innovaci\u00f3n &#8230; <a title=\"Nosotros\" class=\"read-more\" href=\"https:\/\/www.agrotur.org.co\/es_CO\/nosotros\/\" aria-label=\"Read more about Nosotros\">Leer m\u00e1s<\/a><\/p>\n","protected":false},"author":1,"featured_media":0,"parent":0,"menu_order":0,"comment_status":"closed","ping_status":"closed","template":"","meta":{"footnotes":""},"class_list":["post-15","page","type-page","status-publish"],"aioseo_notices":[],"_links":{"self":[{"href":"https:\/\/www.agrotur.org.co\/es_CO\/wp-json\/wp\/v2\/pages\/15","targetHints":{"allow":["GET"]}}],"collection":[{"href":"https:\/\/www.agrotur.org.co\/es_CO\/wp-json\/wp\/v2\/pages"}],"about":[{"href":"https:\/\/www.agrotur.org.co\/es_CO\/wp-json\/wp\/v2\/types\/page"}],"author":[{"embeddable":true,"href":"https:\/\/www.agrotur.org.co\/es_CO\/wp-json\/wp\/v2\/users\/1"}],"replies":[{"embeddable":true,"href":"https:\/\/www.agrotur.org.co\/es_CO\/wp-json\/wp\/v2\/comments?post=15"}],"version-history":[{"count":4,"href":"https:\/\/www.agrotur.org.co\/es_CO\/wp-json\/wp\/v2\/pages\/15\/revisions"}],"predecessor-version":[{"id":223,"href":"https:\/\/www.agrotur.org.co\/es_CO\/wp-json\/wp\/v2\/pages\/15\/revisions\/223"}],"wp:attachment":[{"href":"https:\/\/www.agrotur.org.co\/es_CO\/wp-json\/wp\/v2\/media?parent=15"}],"curies":[{"name":"wp","href":"https:\/\/api.w.org\/{rel}","templated":true}]}}