{"id":14,"date":"2025-04-29T20:31:47","date_gmt":"2025-04-29T20:31:47","guid":{"rendered":"https:\/\/darkturquoise-stork-436457.hostingersite.com\/servicios\/"},"modified":"2025-09-23T16:41:16","modified_gmt":"2025-09-23T21:41:16","slug":"servicios","status":"publish","type":"page","link":"https:\/\/www.agrotur.org.co\/es_CO\/servicios\/","title":{"rendered":"Servicios"},"content":{"rendered":"\n<h2 class=\"wp-block-heading has-text-align-center\">Descubre San Carlos: Experiencias Tur\u00edsticas y Naturaleza \u00danica<\/h2>\n\n\n\n<div class=\"wp-block-media-text is-stacked-on-mobile\"><figure class=\"wp-block-media-text__media\"><img decoding=\"async\" src=\"https:\/\/chocofruts.co\/wp-content\/uploads\/2025\/04\/Cacao--1024x683.jpg\" alt=\"\"\/><\/figure><div class=\"wp-block-media-text__content\">\n<p class=\"has-medium-font-size\"><strong>Descubre la Experiencia &#8220;Detr\u00e1s del Chocolate&#8221;: Un Viaje a la Magia del Cacao ArtesanalExperiencia &#8220;Detras del Chocolate&#8221;<\/strong><\/p>\n\n\n\n<p id=\"block-abdbc40e-dab8-4d4d-b0b9-ea242fbb7af2\"><strong>Descubre la Magia del Chocolate: De la Semilla a la Barra<\/strong> Vive una experiencia inolvidable explorando cada paso del fascinante proceso del chocolate, desde el grano de cacao hasta tu propia barra artesanal. Sum\u00e9rgete en una aventura sensorial llena de sabores aut\u00e9nticos y \u00fanicos de Colombia, una tierra rica en tradici\u00f3n cacaotera. Siente la conexi\u00f3n con la naturaleza, la cultura y la historia que dan vida al chocolate, y enam\u00f3rate de este proceso lleno de pasi\u00f3n y magia<\/p>\n\n\n\n<div class=\"wp-block-buttons is-layout-flex wp-block-buttons-is-layout-flex\">\n<div class=\"wp-block-button\"><a class=\"wp-block-button__link wp-element-button\" href=\"https:\/\/www.agrotur.org.co\/descubre-la-experiencia-detras-del-chocolate-un-viaje-a-la-magia-del-cacao-artesanal\/\">Saber m\u00e1s<\/a><\/div>\n<\/div>\n<\/div><\/div>\n\n\n\n<div class=\"wp-block-media-text has-media-on-the-right is-stacked-on-mobile\"><div class=\"wp-block-media-text__content\">\n<p class=\"has-medium-font-size\"><strong>Vive la experiencia &#8220;Esencia forjada&#8221;: Creaci\u00f3n de joyas \u00fanicas en plata ley 950 <\/strong><\/p>\n\n\n\n<p>Sum\u00e9rgete en un taller artesanal donde cada martillazo transforma la plata en un talism\u00e1n personalizado. En MALEZA, no solo dise\u00f1as un anillo, sino que creas una joya con significado, un recuerdo eterno hecho a mano. Perfecto para parejas, familias y amigos que buscan una experiencia \u00fanica de conexi\u00f3n y creatividad.<\/p>\n\n\n\n<p>Descubre el arte de la joyer\u00eda en plata ley 950 y lleva contigo un tesoro imborrable.<\/p>\n\n\n\n<div class=\"wp-block-buttons is-layout-flex wp-block-buttons-is-layout-flex\">\n<div class=\"wp-block-button\"><a class=\"wp-block-button__link wp-element-button\" href=\"https:\/\/www.agrotur.org.co\/vive-la-experiencia-esencia-forjada-creacion-de-joyas-unicas-en-plata-ley-950\/\">Saber m\u00e1s<\/a><\/div>\n<\/div>\n<\/div><figure class=\"wp-block-media-text__media\"><img loading=\"lazy\" decoding=\"async\" width=\"709\" height=\"709\" src=\"https:\/\/www.agrotur.org.co\/wp-content\/uploads\/2025\/05\/Imagen-de-WhatsApp-2025-04-05-a-las-18.22.25_78deb446.jpg\" alt=\"\" class=\"wp-image-83 size-full\" srcset=\"https:\/\/www.agrotur.org.co\/wp-content\/uploads\/2025\/05\/Imagen-de-WhatsApp-2025-04-05-a-las-18.22.25_78deb446.jpg 709w, https:\/\/www.agrotur.org.co\/wp-content\/uploads\/2025\/05\/Imagen-de-WhatsApp-2025-04-05-a-las-18.22.25_78deb446-300x300.jpg 300w, https:\/\/www.agrotur.org.co\/wp-content\/uploads\/2025\/05\/Imagen-de-WhatsApp-2025-04-05-a-las-18.22.25_78deb446-150x150.jpg 150w\" sizes=\"auto, (max-width: 709px) 100vw, 709px\" \/><\/figure><\/div>\n\n\n\n<div class=\"wp-block-media-text is-stacked-on-mobile\"><figure class=\"wp-block-media-text__media\"><img loading=\"lazy\" decoding=\"async\" width=\"1024\" height=\"683\" src=\"https:\/\/www.agrotur.org.co\/wp-content\/uploads\/2025\/09\/E-IMG_8225-1024x683.png\" alt=\"\" class=\"wp-image-164 size-full\" srcset=\"https:\/\/www.agrotur.org.co\/wp-content\/uploads\/2025\/09\/E-IMG_8225-1024x683.png 1024w, https:\/\/www.agrotur.org.co\/wp-content\/uploads\/2025\/09\/E-IMG_8225-300x200.png 300w, https:\/\/www.agrotur.org.co\/wp-content\/uploads\/2025\/09\/E-IMG_8225-768x512.png 768w, https:\/\/www.agrotur.org.co\/wp-content\/uploads\/2025\/09\/E-IMG_8225-1536x1024.png 1536w, https:\/\/www.agrotur.org.co\/wp-content\/uploads\/2025\/09\/E-IMG_8225-2048x1365.png 2048w, https:\/\/www.agrotur.org.co\/wp-content\/uploads\/2025\/09\/E-IMG_8225-18x12.png 18w\" sizes=\"auto, (max-width: 1024px) 100vw, 1024px\" \/><\/figure><div class=\"wp-block-media-text__content\">\n<p class=\"has-medium-font-size\"><strong>Memoria a Todo Color, Memoria de Sue\u00f1os y Esperanzas \ud83c\udfa8\u2728<\/strong><\/p>\n\n\n\n<p><strong>Descubre la galer\u00eda de arte a cielo abierto m\u00e1s grande de Colombia<\/strong> en un recorrido vibrante por San Carlos, donde cada mural cuenta una historia de resiliencia, identidad y esperanza. Explora lugares emblem\u00e1ticos y sitios de inter\u00e9s mientras te sumerges en el talento art\u00edstico local y la esencia cultural del municipio.<\/p>\n\n\n\n<div class=\"wp-block-buttons is-layout-flex wp-block-buttons-is-layout-flex\">\n<div class=\"wp-block-button\"><a class=\"wp-block-button__link wp-element-button\" href=\"https:\/\/www.agrotur.org.co\/memoria-a-todo-color-memoria-de-suenos-y-esperanzas-%f0%9f%8e%a8%e2%9c%a8\/\">Saber m\u00e1s<\/a><\/div>\n<\/div>\n<\/div><\/div>\n\n\n\n<div class=\"wp-block-media-text has-media-on-the-right is-stacked-on-mobile\"><div class=\"wp-block-media-text__content\">\n<p class=\"has-medium-font-size\"><strong>Ruta La Piedra del Tabor: Un Mirador Imponente en el Batolito Antioque\u00f1o \ud83c\udfde\ufe0f\u2728<\/strong><\/p>\n\n\n\n<p>mb\u00e1rcate en una experiencia \u00fanica de senderismo hacia <strong>La Piedra del Tabor<\/strong>, la cumbre m\u00e1s alta del <strong>batolito antioque\u00f1o<\/strong>, un imponente mirador natural ubicado a <strong>1.800 metros sobre el nivel del mar<\/strong>. Esta caminata desafiante, con un desnivel positivo de <strong>800 metros<\/strong>, te llevar\u00e1 a trav\u00e9s de exuberantes paisajes hasta un punto panor\u00e1mico inigualable<\/p>\n\n\n\n<div class=\"wp-block-buttons is-layout-flex wp-block-buttons-is-layout-flex\">\n<div class=\"wp-block-button\"><a class=\"wp-block-button__link wp-element-button\" href=\"https:\/\/www.agrotur.org.co\/ruta-la-piedra-del-tabor-un-mirador-imponente-en-el-batolito-antioqueno-%f0%9f%8f%9e%ef%b8%8f%e2%9c%a8\/\">Saber m\u00e1s<\/a><\/div>\n<\/div>\n<\/div><figure class=\"wp-block-media-text__media\"><img decoding=\"async\" src=\"https:\/\/www.agrotur.org.co\/wp-content\/uploads\/2025\/09\/E-IMG_8261.png\" alt=\"\" class=\"wp-image-171 size-full\"\/><\/figure><\/div>\n\n\n\n<div class=\"wp-block-media-text is-stacked-on-mobile\"><figure class=\"wp-block-media-text__media\"><img decoding=\"async\" src=\"https:\/\/www.agrotur.org.co\/wp-content\/uploads\/2025\/09\/E-IMG_6506.png\" alt=\"\" class=\"wp-image-155 size-full\"\/><\/figure><div class=\"wp-block-media-text__content\">\n<p class=\"has-medium-font-size\"><strong>Ruta La Cascada y Los Patios: Naturaleza, R\u00edos y Relax \ud83c\udf3f\ud83d\udca6<\/strong><\/p>\n\n\n\n<p>Emb\u00e1rcate en una&nbsp;<strong>aventura tranquila y cautivadora<\/strong>&nbsp;por la&nbsp;<strong>Ruta La Cascada y Los Patios<\/strong>, un recorrido ecol\u00f3gico de&nbsp;<strong>4 horas<\/strong>&nbsp;con nivel de dificultad&nbsp;<strong>1<\/strong>, ideal para disfrutar en familia o con amigos. A trav\u00e9s de senderos rodeados de exuberante vegetaci\u00f3n, podr\u00e1s&nbsp;<strong>avistar diversas especies de fauna y flora<\/strong>, sumergi\u00e9ndote en la magia de la naturaleza.<\/p>\n\n\n\n<p>Este recorrido te llevar\u00e1 a impresionantes&nbsp;<strong>cascadas y r\u00edos cristalinos<\/strong>, donde podr\u00e1s refrescarte y relajarte en medio de un entorno natural inigualable. Para quienes buscan una experiencia completa, existe la posibilidad de disfrutar de la&nbsp;<strong>Hoster\u00eda El C\u00f3ndor<\/strong>, que ofrece&nbsp;<strong>piscina y acceso directo a los r\u00edos<\/strong>, asegurando un descanso pleno despu\u00e9s de la caminata.<\/p>\n\n\n\n<div class=\"wp-block-buttons is-layout-flex wp-block-buttons-is-layout-flex\">\n<div class=\"wp-block-button\"><a class=\"wp-block-button__link wp-element-button\" href=\"https:\/\/www.agrotur.org.co\/ruta-la-cascada-y-los-patios-naturaleza-rios-y-relax-%f0%9f%8c%bf%f0%9f%92%a6\/\">Saber m\u00e1s<\/a><\/div>\n<\/div>\n<\/div><\/div>\n\n\n\n<div class=\"wp-block-group alignfull hostinger-ai-gallery-1 hostinger-ai-fade-up\"><div class=\"wp-block-group__inner-container is-layout-flow wp-block-group-is-layout-flow\">\n<div class=\"wp-block-group alignwide hostinger-ai-fade-up\" style=\"padding-top:var(--wp--preset--spacing--60);padding-bottom:var(--wp--preset--spacing--60)\"><div class=\"wp-block-group__inner-container is-layout-constrained wp-block-group-is-layout-constrained\">\n<h2 class=\"wp-block-heading has-text-align-center hostinger-ai-title has-dark-color has-text-color has-link-color has-x-large-font-size wp-elements-f6c0d50a39c4defcdfbce2e263c150e2\" style=\"margin-top:0;margin-right:0;margin-bottom:var(--wp--preset--spacing--20);margin-left:0\">Turismo Sostenible<\/h2>\n\n\n\n<p class=\"has-text-align-center hostinger-ai-description has-dark-color has-text-color has-link-color has-medium-font-size wp-elements-a87b178c46e9d8f88a221129076d972c\" style=\"margin-top:0;margin-bottom:0\">Ofrecemos asesor\u00edas y planes tur\u00edsticos enfocados en la agricultura y el emprendimiento sostenible.Explora nuestros servicios tur\u00edsticos y asesor\u00edas en agricultura, tecnolog\u00eda y emprendimiento.<\/p>\n<\/div><\/div>\n<\/div><\/div>\n","protected":false},"excerpt":{"rendered":"<p>Descubre San Carlos: Experiencias Tur\u00edsticas y Naturaleza \u00danica Turismo Sostenible Ofrecemos asesor\u00edas y planes tur\u00edsticos enfocados en la agricultura y el emprendimiento sostenible.Explora nuestros servicios tur\u00edsticos y asesor\u00edas en agricultura, tecnolog\u00eda y emprendimiento.<\/p>\n","protected":false},"author":1,"featured_media":0,"parent":0,"menu_order":0,"comment_status":"closed","ping_status":"closed","template":"","meta":{"footnotes":""},"class_list":["post-14","page","type-page","status-publish"],"aioseo_notices":[],"_links":{"self":[{"href":"https:\/\/www.agrotur.org.co\/es_CO\/wp-json\/wp\/v2\/pages\/14","targetHints":{"allow":["GET"]}}],"collection":[{"href":"https:\/\/www.agrotur.org.co\/es_CO\/wp-json\/wp\/v2\/pages"}],"about":[{"href":"https:\/\/www.agrotur.org.co\/es_CO\/wp-json\/wp\/v2\/types\/page"}],"author":[{"embeddable":true,"href":"https:\/\/www.agrotur.org.co\/es_CO\/wp-json\/wp\/v2\/users\/1"}],"replies":[{"embeddable":true,"href":"https:\/\/www.agrotur.org.co\/es_CO\/wp-json\/wp\/v2\/comments?post=14"}],"version-history":[{"count":15,"href":"https:\/\/www.agrotur.org.co\/es_CO\/wp-json\/wp\/v2\/pages\/14\/revisions"}],"predecessor-version":[{"id":203,"href":"https:\/\/www.agrotur.org.co\/es_CO\/wp-json\/wp\/v2\/pages\/14\/revisions\/203"}],"wp:attachment":[{"href":"https:\/\/www.agrotur.org.co\/es_CO\/wp-json\/wp\/v2\/media?parent=14"}],"curies":[{"name":"wp","href":"https:\/\/api.w.org\/{rel}","templated":true}]}}