{"id":13,"date":"2025-04-29T20:31:47","date_gmt":"2025-04-29T20:31:47","guid":{"rendered":"https:\/\/darkturquoise-stork-436457.hostingersite.com\/inicio\/"},"modified":"2025-09-23T11:37:21","modified_gmt":"2025-09-23T16:37:21","slug":"inicio","status":"publish","type":"page","link":"https:\/\/www.agrotur.org.co\/es_CO\/","title":{"rendered":"Inicio"},"content":{"rendered":"\n<h2 class=\"wp-block-heading has-text-align-center\">Turismo Sostenible Agr\u00edcola<\/h2>\n\n\n\n<div class=\"wp-block-media-text is-stacked-on-mobile\"><figure class=\"wp-block-media-text__media\"><img loading=\"lazy\" decoding=\"async\" width=\"414\" height=\"232\" src=\"https:\/\/www.agrotur.org.co\/wp-content\/uploads\/2025\/05\/DJI_20250324114022_0043_D-3.gif\" alt=\"\" class=\"wp-image-36 size-full\"\/><\/figure><div class=\"wp-block-media-text__content\">\n<p>En Agrotur, promovemos el desarrollo del turismo sostenible en el oriente antioque\u00f1o, apoyando a campesinos y emprendedores en sus diversas iniciativas y servicios.<\/p>\n<\/div><\/div>\n\n\n\n<div class=\"wp-block-group alignwide hostinger-ai-our-services-2 hostinger-ai-fade-up has-color-2-background-color has-background\" style=\"margin-bottom:0;padding-top:var(--wp--preset--spacing--60);padding-bottom:var(--wp--preset--spacing--60)\"><div class=\"wp-block-group__inner-container is-layout-constrained wp-block-group-is-layout-constrained\">\n<div class=\"wp-block-group alignfull hostinger-ai-fade-up is-content-justification-left\"><div class=\"wp-block-group__inner-container is-layout-constrained wp-container-core-group-is-layout-8c890d92 wp-block-group-is-layout-constrained\">\n<h2 class=\"wp-block-heading has-text-align-center is-style-default hostinger-ai-title has-light-color has-text-color has-link-color has-x-large-font-size wp-elements-b5c39d62be86dc5ba05e92651aabf877\" style=\"margin-bottom:var(--wp--preset--spacing--50)\">Servicios Tur\u00edsticos Sostenibles y Comunitarios <\/h2>\n<\/div><\/div>\n\n\n\n<figure class=\"wp-block-gallery aligncenter has-nested-images columns-default is-cropped wp-block-gallery-1 is-layout-flex wp-block-gallery-is-layout-flex\">\n<figure class=\"wp-block-image size-large\"><a href=\"https:\/\/www.agrotur.org.co\/es_co\/vive-la-experiencia-esencia-forjada-creacion-de-joyas-unicas-en-plata-ley-950\/\"><img loading=\"lazy\" decoding=\"async\" width=\"767\" height=\"1024\" data-id=\"88\" src=\"https:\/\/www.agrotur.org.co\/wp-content\/uploads\/2025\/05\/Imagen-de-WhatsApp-2025-04-05-a-las-18.23.40_cbb81db8-767x1024.jpg\" alt=\"\" class=\"wp-image-88\" srcset=\"https:\/\/www.agrotur.org.co\/wp-content\/uploads\/2025\/05\/Imagen-de-WhatsApp-2025-04-05-a-las-18.23.40_cbb81db8-767x1024.jpg 767w, https:\/\/www.agrotur.org.co\/wp-content\/uploads\/2025\/05\/Imagen-de-WhatsApp-2025-04-05-a-las-18.23.40_cbb81db8-225x300.jpg 225w, https:\/\/www.agrotur.org.co\/wp-content\/uploads\/2025\/05\/Imagen-de-WhatsApp-2025-04-05-a-las-18.23.40_cbb81db8-768x1025.jpg 768w, https:\/\/www.agrotur.org.co\/wp-content\/uploads\/2025\/05\/Imagen-de-WhatsApp-2025-04-05-a-las-18.23.40_cbb81db8.jpg 959w\" sizes=\"auto, (max-width: 767px) 100vw, 767px\" \/><\/a><figcaption class=\"wp-element-caption\">Maleza atesana<\/figcaption><\/figure>\n\n\n\n<figure class=\"wp-block-image size-large\"><a href=\"https:\/\/www.agrotur.org.co\/es_co\/memoria-a-todo-color-memoria-de-suenos-y-esperanzas-%f0%9f%8e%a8%e2%9c%a8\/\"><img loading=\"lazy\" decoding=\"async\" width=\"1024\" height=\"683\" data-id=\"164\" src=\"https:\/\/www.agrotur.org.co\/wp-content\/uploads\/2025\/09\/E-IMG_8225-1024x683.png\" alt=\"\" class=\"wp-image-164\" srcset=\"https:\/\/www.agrotur.org.co\/wp-content\/uploads\/2025\/09\/E-IMG_8225-1024x683.png 1024w, https:\/\/www.agrotur.org.co\/wp-content\/uploads\/2025\/09\/E-IMG_8225-300x200.png 300w, https:\/\/www.agrotur.org.co\/wp-content\/uploads\/2025\/09\/E-IMG_8225-768x512.png 768w, https:\/\/www.agrotur.org.co\/wp-content\/uploads\/2025\/09\/E-IMG_8225-1536x1024.png 1536w, https:\/\/www.agrotur.org.co\/wp-content\/uploads\/2025\/09\/E-IMG_8225-2048x1365.png 2048w, https:\/\/www.agrotur.org.co\/wp-content\/uploads\/2025\/09\/E-IMG_8225-18x12.png 18w\" sizes=\"auto, (max-width: 1024px) 100vw, 1024px\" \/><\/a><figcaption class=\"wp-element-caption\">Memoria a todo color<\/figcaption><\/figure>\n\n\n\n<figure class=\"wp-block-image size-large\"><a href=\"https:\/\/www.agrotur.org.co\/es_co\/ruta-la-piedra-del-tabor-un-mirador-imponente-en-el-batolito-antioqueno-%f0%9f%8f%9e%ef%b8%8f%e2%9c%a8\/\"><img decoding=\"async\" data-id=\"171\" src=\"https:\/\/www.agrotur.org.co\/wp-content\/uploads\/2025\/09\/E-IMG_8261.png\" alt=\"\" class=\"wp-image-171\"\/><\/a><figcaption class=\"wp-element-caption\">Pieda del tabor<\/figcaption><\/figure>\n\n\n\n<figure class=\"wp-block-image size-large\"><a href=\"https:\/\/www.agrotur.org.co\/es_co\/ruta-la-cascada-y-los-patios-naturaleza-rios-y-relax-%f0%9f%8c%bf%f0%9f%92%a6\/\"><img decoding=\"async\" data-id=\"155\" src=\"https:\/\/www.agrotur.org.co\/wp-content\/uploads\/2025\/09\/E-IMG_6506.png\" alt=\"\" class=\"wp-image-155\"\/><\/a><figcaption class=\"wp-element-caption\">La cascada<\/figcaption><\/figure>\n\n\n\n<figure class=\"wp-block-image size-large\"><a href=\"https:\/\/www.agrotur.org.co\/es_co\/descubre-la-experiencia-detras-del-chocolate-un-viaje-a-la-magia-del-cacao-artesanal\/\"><img decoding=\"async\" data-id=\"158\" src=\"https:\/\/www.agrotur.org.co\/wp-content\/uploads\/2025\/09\/E-IMG_6662.png\" alt=\"\" class=\"wp-image-158\"\/><\/a><figcaption class=\"wp-element-caption\">Flor del cacao<\/figcaption><\/figure>\n<\/figure>\n\n\n\n<div class=\"wp-block-columns is-layout-flex wp-container-core-columns-is-layout-9d6595d7 wp-block-columns-is-layout-flex\">\n<div class=\"wp-block-column is-layout-flow wp-block-column-is-layout-flow\">\n<div class=\"wp-block-group hostinger-ai-solid-block hostinger-ai-fade-up has-color-1-background-color has-background\" style=\"padding-top:var(--wp--preset--spacing--60);padding-bottom:var(--wp--preset--spacing--60)\"><div class=\"wp-block-group__inner-container is-layout-constrained wp-block-group-is-layout-constrained\">\n<div class=\"wp-block-group alignwide hostinger-ai-fade-up is-vertical is-content-justification-center is-nowrap is-layout-flex wp-container-core-group-is-layout-2445e12c wp-block-group-is-layout-flex\" style=\"min-height:0px;padding-top:0;padding-bottom:0\">\n<div class=\"wp-block-group hostinger-ai-fade-up wp-container-content-69bc4bdf is-content-justification-center\"><div class=\"wp-block-group__inner-container is-layout-constrained wp-block-group-is-layout-constrained\">\n<p class=\"has-text-align-center hostinger-ai-description has-dark-color has-text-color has-link-color has-medium-font-size wp-elements-94fe74451038ee0ff753b70fb6e26840\" style=\"margin-top:var(--wp--preset--spacing--20);margin-bottom:var(--wp--preset--spacing--50)\">Descubre el potencial del turismo sostenible en San Carlos, apoyando a nuestros campesinos y emprendimientos locales. \u00a1\u00danete a nosotros!<\/p>\n\n\n\n<div class=\"wp-block-buttons is-content-justification-center is-layout-flex wp-container-core-buttons-is-layout-16018d1d wp-block-buttons-is-layout-flex\">\n<div class=\"wp-block-button hostinger-ai-cta-button\"><a class=\"wp-block-button__link has-dark-color has-contrast-background-color has-text-color has-background has-link-color has-border-color has-dark-border-color has-medium-font-size has-custom-font-size wp-element-button\" href=\"https:\/\/www.agrotur.org.co\/es_co\/servicios\/\" style=\"padding-top:var(--wp--preset--spacing--30);padding-right:var(--wp--preset--spacing--70);padding-bottom:var(--wp--preset--spacing--30);padding-left:var(--wp--preset--spacing--70)\">Explorar<\/a><\/div>\n<\/div>\n<\/div><\/div>\n<\/div>\n<\/div><\/div>\n<\/div>\n<\/div>\n<\/div><\/div>\n\n\n\n<div class=\"wp-block-group alignwide hostinger-ai-our-projects-5 hostinger-ai-fade-up\"><div class=\"wp-block-group__inner-container is-layout-constrained wp-block-group-is-layout-constrained\">\n<div class=\"wp-block-group hostinger-ai-fade-up is-content-justification-left\"><div class=\"wp-block-group__inner-container is-layout-constrained wp-container-core-group-is-layout-8c890d92 wp-block-group-is-layout-constrained\">\n<h2 class=\"wp-block-heading has-text-align-center is-style-default hostinger-ai-title has-dark-color has-text-color has-link-color has-x-large-font-size wp-elements-45fc1819e892571ee11d7dd577b45099\" style=\"margin-bottom:var(--wp--preset--spacing--50)\">Proyectos Sostenibles<\/h2>\n<\/div><\/div>\n<\/div><\/div>\n","protected":false},"excerpt":{"rendered":"<p>Turismo Sostenible Agr\u00edcola En Agrotur, promovemos el desarrollo del turismo sostenible en el oriente antioque\u00f1o, apoyando a campesinos y emprendedores en sus diversas iniciativas y servicios. Servicios Tur\u00edsticos Sostenibles y Comunitarios Descubre el potencial del turismo sostenible en San Carlos, apoyando a nuestros campesinos y emprendimientos locales. \u00a1\u00danete a nosotros! Proyectos Sostenibles<\/p>\n","protected":false},"author":1,"featured_media":0,"parent":0,"menu_order":0,"comment_status":"closed","ping_status":"closed","template":"","meta":{"footnotes":""},"class_list":["post-13","page","type-page","status-publish"],"aioseo_notices":[],"_links":{"self":[{"href":"https:\/\/www.agrotur.org.co\/es_CO\/wp-json\/wp\/v2\/pages\/13","targetHints":{"allow":["GET"]}}],"collection":[{"href":"https:\/\/www.agrotur.org.co\/es_CO\/wp-json\/wp\/v2\/pages"}],"about":[{"href":"https:\/\/www.agrotur.org.co\/es_CO\/wp-json\/wp\/v2\/types\/page"}],"author":[{"embeddable":true,"href":"https:\/\/www.agrotur.org.co\/es_CO\/wp-json\/wp\/v2\/users\/1"}],"replies":[{"embeddable":true,"href":"https:\/\/www.agrotur.org.co\/es_CO\/wp-json\/wp\/v2\/comments?post=13"}],"version-history":[{"count":19,"href":"https:\/\/www.agrotur.org.co\/es_CO\/wp-json\/wp\/v2\/pages\/13\/revisions"}],"predecessor-version":[{"id":201,"href":"https:\/\/www.agrotur.org.co\/es_CO\/wp-json\/wp\/v2\/pages\/13\/revisions\/201"}],"wp:attachment":[{"href":"https:\/\/www.agrotur.org.co\/es_CO\/wp-json\/wp\/v2\/media?parent=13"}],"curies":[{"name":"wp","href":"https:\/\/api.w.org\/{rel}","templated":true}]}}