{"id":14,"date":"2025-04-29T20:31:47","date_gmt":"2025-04-29T20:31:47","guid":{"rendered":"https:\/\/darkturquoise-stork-436457.hostingersite.com\/servicios\/"},"modified":"2025-09-23T16:41:16","modified_gmt":"2025-09-23T21:41:16","slug":"servicios","status":"publish","type":"page","link":"https:\/\/www.agrotur.org.co\/en_us\/servicios\/","title":{"rendered":"Services"},"content":{"rendered":"<h2 class=\"wp-block-heading has-text-align-center\">Discover San Carlos: Touristic Experiences and Unique Nature<\/h2>\n\n\n\n<div class=\"wp-block-media-text is-stacked-on-mobile\"><figure class=\"wp-block-media-text__media\"><img decoding=\"async\" src=\"https:\/\/chocofruts.co\/wp-content\/uploads\/2025\/04\/Cacao--1024x683.jpg\" alt=\"\"\/><\/figure><div class=\"wp-block-media-text__content\">\n<p class=\"has-medium-font-size\"><strong>Discover the \"Behind the Chocolate\" Experience: A Journey into the Magic of Artisan CocoaExperience \"Behind the Chocolate\".<\/strong><\/p>\n\n\n\n<p id=\"block-abdbc40e-dab8-4d4d-b0b9-ea242fbb7af2\"><strong>Discover the Magic of Chocolate: From Bean to Bar<\/strong> Live an unforgettable experience exploring every step of the fascinating chocolate process, from the cocoa bean to your own handcrafted bar. Immerse yourself in a sensory adventure full of authentic and unique flavors of Colombia, a land rich in cocoa tradition. Feel the connection with nature, culture and history that give life to chocolate, and fall in love with this process full of passion and magic.<\/p>\n\n\n\n<div class=\"wp-block-buttons is-layout-flex wp-block-buttons-is-layout-flex\">\n<div class=\"wp-block-button\"><a class=\"wp-block-button__link wp-element-button\" href=\"https:\/\/www.agrotur.org.co\/en_us\/descubre-la-experiencia-detras-del-chocolate-un-viaje-a-la-magia-del-cacao-artesanal\/\">Learn more<\/a><\/div>\n<\/div>\n<\/div><\/div>\n\n\n\n<div class=\"wp-block-media-text has-media-on-the-right is-stacked-on-mobile\"><div class=\"wp-block-media-text__content\">\n<p class=\"has-medium-font-size\"><strong>Live the \"Forged Essence\" experience: Creation of unique jewelry in 950 sterling silver. <\/strong><\/p>\n\n\n\n<p>Immerse yourself in an artisan workshop where each hammering transforms silver into a personalized talisman. At MALEZA, you don't just design a ring, you create a meaningful piece of jewelry, an eternal handmade keepsake. Perfect for couples, families and friends looking for a unique experience of connection and creativity.<\/p>\n\n\n\n<p>Discover the art of 950 sterling silver jewelry and carry with you an indelible treasure.<\/p>\n\n\n\n<div class=\"wp-block-buttons is-layout-flex wp-block-buttons-is-layout-flex\">\n<div class=\"wp-block-button\"><a class=\"wp-block-button__link wp-element-button\" href=\"https:\/\/www.agrotur.org.co\/en_us\/vive-la-experiencia-esencia-forjada-creacion-de-joyas-unicas-en-plata-ley-950\/\">Learn more<\/a><\/div>\n<\/div>\n<\/div><figure class=\"wp-block-media-text__media\"><img loading=\"lazy\" decoding=\"async\" width=\"709\" height=\"709\" src=\"https:\/\/www.agrotur.org.co\/wp-content\/uploads\/2025\/05\/Imagen-de-WhatsApp-2025-04-05-a-las-18.22.25_78deb446.jpg\" alt=\"\" class=\"wp-image-83 size-full\" srcset=\"https:\/\/www.agrotur.org.co\/wp-content\/uploads\/2025\/05\/Imagen-de-WhatsApp-2025-04-05-a-las-18.22.25_78deb446.jpg 709w, https:\/\/www.agrotur.org.co\/wp-content\/uploads\/2025\/05\/Imagen-de-WhatsApp-2025-04-05-a-las-18.22.25_78deb446-300x300.jpg 300w, https:\/\/www.agrotur.org.co\/wp-content\/uploads\/2025\/05\/Imagen-de-WhatsApp-2025-04-05-a-las-18.22.25_78deb446-150x150.jpg 150w\" sizes=\"auto, (max-width: 709px) 100vw, 709px\" \/><\/figure><\/div>\n\n\n\n<div class=\"wp-block-media-text is-stacked-on-mobile\"><figure class=\"wp-block-media-text__media\"><img loading=\"lazy\" decoding=\"async\" width=\"1024\" height=\"683\" src=\"https:\/\/www.agrotur.org.co\/wp-content\/uploads\/2025\/09\/E-IMG_8225-1024x683.png\" alt=\"\" class=\"wp-image-164 size-full\" srcset=\"https:\/\/www.agrotur.org.co\/wp-content\/uploads\/2025\/09\/E-IMG_8225-1024x683.png 1024w, https:\/\/www.agrotur.org.co\/wp-content\/uploads\/2025\/09\/E-IMG_8225-300x200.png 300w, https:\/\/www.agrotur.org.co\/wp-content\/uploads\/2025\/09\/E-IMG_8225-768x512.png 768w, https:\/\/www.agrotur.org.co\/wp-content\/uploads\/2025\/09\/E-IMG_8225-1536x1024.png 1536w, https:\/\/www.agrotur.org.co\/wp-content\/uploads\/2025\/09\/E-IMG_8225-2048x1365.png 2048w, https:\/\/www.agrotur.org.co\/wp-content\/uploads\/2025\/09\/E-IMG_8225-18x12.png 18w\" sizes=\"auto, (max-width: 1024px) 100vw, 1024px\" \/><\/figure><div class=\"wp-block-media-text__content\">\n<p class=\"has-medium-font-size\"><strong>Full Color Memory, Memory of Dreams and Hopes \ud83c\udfa8\u2728.<\/strong><\/p>\n\n\n\n<p><strong>Discover Colombia's largest open-air art gallery<\/strong> on a vibrant tour of San Carlos, where each mural tells a story of resilience, identity and hope. Explore iconic landmarks and sites of interest while immersing yourself in the local artistic talent and cultural essence of the municipality.<\/p>\n\n\n\n<div class=\"wp-block-buttons is-layout-flex wp-block-buttons-is-layout-flex\">\n<div class=\"wp-block-button\"><a class=\"wp-block-button__link wp-element-button\" href=\"https:\/\/www.agrotur.org.co\/en_us\/memoria-a-todo-color-memoria-de-suenos-y-esperanzas-%f0%9f%8e%a8%e2%9c%a8\/\">Learn more<\/a><\/div>\n<\/div>\n<\/div><\/div>\n\n\n\n<div class=\"wp-block-media-text has-media-on-the-right is-stacked-on-mobile\"><div class=\"wp-block-media-text__content\">\n<p class=\"has-medium-font-size\"><strong>La Piedra del Tabor Route: An Imposing Viewpoint in the Antioquian Batolito \ud83c\udfde\ufe0f\u2728<\/strong><\/p>\n\n\n\n<p>mbark on a unique hiking experience towards <strong>The Tabor Stone<\/strong>the highest peak of the <strong>Antioquian batholith<\/strong>an imposing natural viewpoint located at <strong>1,800 meters above sea level<\/strong>. This challenging hike, with a positive difference in elevation of <strong>800 meters<\/strong>will take you through lush landscapes to an unparalleled panoramic viewpoint.<\/p>\n\n\n\n<div class=\"wp-block-buttons is-layout-flex wp-block-buttons-is-layout-flex\">\n<div class=\"wp-block-button\"><a class=\"wp-block-button__link wp-element-button\" href=\"https:\/\/www.agrotur.org.co\/en_us\/ruta-la-piedra-del-tabor-un-mirador-imponente-en-el-batolito-antioqueno-%f0%9f%8f%9e%ef%b8%8f%e2%9c%a8\/\">Learn more<\/a><\/div>\n<\/div>\n<\/div><figure class=\"wp-block-media-text__media\"><img decoding=\"async\" src=\"https:\/\/www.agrotur.org.co\/wp-content\/uploads\/2025\/09\/E-IMG_8261.png\" alt=\"\" class=\"wp-image-171 size-full\"\/><\/figure><\/div>\n\n\n\n<div class=\"wp-block-media-text is-stacked-on-mobile\"><figure class=\"wp-block-media-text__media\"><img decoding=\"async\" src=\"https:\/\/www.agrotur.org.co\/wp-content\/uploads\/2025\/09\/E-IMG_6506.png\" alt=\"\" class=\"wp-image-155 size-full\"\/><\/figure><div class=\"wp-block-media-text__content\">\n<p class=\"has-medium-font-size\"><strong>La Cascada and Los Patios Route: Nature, Rivers and Relax \ud83c\udf3f\ud83d\udca6.<\/strong><\/p>\n\n\n\n<p>Embark on a&nbsp;<strong>quiet and captivating adventure<\/strong>&nbsp;by the&nbsp;<strong>La Cascada and Los Patios Route<\/strong>an ecological tour of&nbsp;<strong>4 hours<\/strong>&nbsp;with difficulty level&nbsp;<strong>1<\/strong>ideal to enjoy with family or friends. Through trails surrounded by lush vegetation, you will be able to&nbsp;<strong>sighting of various species of fauna and flora<\/strong>immersing you in the magic of nature.<\/p>\n\n\n\n<p>This tour will take you to breathtaking&nbsp;<strong>waterfalls and crystalline rivers<\/strong>where you can refresh and relax in the middle of a unique natural environment. For those who are looking for a complete experience, there is the possibility of enjoying the&nbsp;<strong>Hosteria El Condor<\/strong>which offers&nbsp;<strong>swimming pool and direct access to the rivers<\/strong>ensuring a full rest after the hike.<\/p>\n\n\n\n<div class=\"wp-block-buttons is-layout-flex wp-block-buttons-is-layout-flex\">\n<div class=\"wp-block-button\"><a class=\"wp-block-button__link wp-element-button\" href=\"https:\/\/www.agrotur.org.co\/en_us\/ruta-la-cascada-y-los-patios-naturaleza-rios-y-relax-%f0%9f%8c%bf%f0%9f%92%a6\/\">Learn more<\/a><\/div>\n<\/div>\n<\/div><\/div>\n\n\n\n<div class=\"wp-block-group alignfull hostinger-ai-gallery-1 hostinger-ai-fade-up\"><div class=\"wp-block-group__inner-container is-layout-flow wp-block-group-is-layout-flow\">\n<div class=\"wp-block-group alignwide hostinger-ai-fade-up\" style=\"padding-top:var(--wp--preset--spacing--60);padding-bottom:var(--wp--preset--spacing--60)\"><div class=\"wp-block-group__inner-container is-layout-constrained wp-block-group-is-layout-constrained\">\n<h2 class=\"wp-block-heading has-text-align-center hostinger-ai-title has-dark-color has-text-color has-link-color has-x-large-font-size wp-elements-f6c0d50a39c4defcdfbce2e263c150e2\" style=\"margin-top:0;margin-right:0;margin-bottom:var(--wp--preset--spacing--20);margin-left:0\">Sustainable Tourism<\/h2>\n\n\n\n<p class=\"has-text-align-center hostinger-ai-description has-dark-color has-text-color has-link-color has-medium-font-size wp-elements-a87b178c46e9d8f88a221129076d972c\" style=\"margin-top:0;margin-bottom:0\">Ofrecemos asesor\u00edas y planes tur\u00edsticos enfocados en la agricultura y el emprendimiento sostenible.Explora nuestros servicios tur\u00edsticos y asesor\u00edas en agricultura, tecnolog\u00eda y emprendimiento.<\/p>\n<\/div><\/div>\n<\/div><\/div>","protected":false},"excerpt":{"rendered":"<p>Descubre San Carlos: Experiencias Tur\u00edsticas y Naturaleza \u00danica Turismo Sostenible Ofrecemos asesor\u00edas y planes tur\u00edsticos enfocados en la agricultura y el emprendimiento sostenible.Explora nuestros servicios tur\u00edsticos y asesor\u00edas en agricultura, tecnolog\u00eda y emprendimiento.<\/p>","protected":false},"author":1,"featured_media":0,"parent":0,"menu_order":0,"comment_status":"closed","ping_status":"closed","template":"","meta":{"footnotes":""},"class_list":["post-14","page","type-page","status-publish"],"aioseo_notices":[],"_links":{"self":[{"href":"https:\/\/www.agrotur.org.co\/en_us\/wp-json\/wp\/v2\/pages\/14","targetHints":{"allow":["GET"]}}],"collection":[{"href":"https:\/\/www.agrotur.org.co\/en_us\/wp-json\/wp\/v2\/pages"}],"about":[{"href":"https:\/\/www.agrotur.org.co\/en_us\/wp-json\/wp\/v2\/types\/page"}],"author":[{"embeddable":true,"href":"https:\/\/www.agrotur.org.co\/en_us\/wp-json\/wp\/v2\/users\/1"}],"replies":[{"embeddable":true,"href":"https:\/\/www.agrotur.org.co\/en_us\/wp-json\/wp\/v2\/comments?post=14"}],"version-history":[{"count":15,"href":"https:\/\/www.agrotur.org.co\/en_us\/wp-json\/wp\/v2\/pages\/14\/revisions"}],"predecessor-version":[{"id":203,"href":"https:\/\/www.agrotur.org.co\/en_us\/wp-json\/wp\/v2\/pages\/14\/revisions\/203"}],"wp:attachment":[{"href":"https:\/\/www.agrotur.org.co\/en_us\/wp-json\/wp\/v2\/media?parent=14"}],"curies":[{"name":"wp","href":"https:\/\/api.w.org\/{rel}","templated":true}]}}